{"id":1135,"date":"2026-03-16T23:22:56","date_gmt":"2026-03-16T22:22:56","guid":{"rendered":"https:\/\/ristorantemaratea.com\/inicio\/?page_id=1135"},"modified":"2026-03-18T20:03:07","modified_gmt":"2026-03-18T19:03:07","slug":"contacto","status":"publish","type":"page","link":"https:\/\/ristorantemaratea.com\/inicio\/contacto\/","title":{"rendered":"Contacto"},"content":{"rendered":"\t\t<div data-elementor-type=\"wp-page\" data-elementor-id=\"1135\" class=\"elementor elementor-1135\" data-elementor-post-type=\"page\">\n\t\t\t\t<div class=\"elementor-element elementor-element-5da7196 e-con-full e-flex e-con e-parent\" data-id=\"5da7196\" data-element_type=\"container\" data-e-type=\"container\" data-settings=\"{&quot;background_background&quot;:&quot;classic&quot;}\">\n\t\t\t\t<div class=\"elementor-element elementor-element-c06b0f0 elementor-invisible elementor-widget elementor-widget-heading\" data-id=\"c06b0f0\" data-element_type=\"widget\" data-e-type=\"widget\" data-settings=\"{&quot;_animation&quot;:&quot;zoomIn&quot;}\" data-widget_type=\"heading.default\">\n\t\t\t\t\t<h2 class=\"elementor-heading-title elementor-size-default\">\u00bfTienes un evento? <br>Te ayudamos con todo lo que necesitas<\/h2>\t\t\t\t<\/div>\n\t\t\t\t<\/div>\n\t\t<div class=\"elementor-element elementor-element-37b64af e-con-full e-flex e-con e-parent\" data-id=\"37b64af\" data-element_type=\"container\" data-e-type=\"container\">\n\t\t<div class=\"elementor-element elementor-element-c6cdd69 e-con-full e-flex e-con e-child\" data-id=\"c6cdd69\" data-element_type=\"container\" data-e-type=\"container\">\n\t\t\t\t<div class=\"elementor-element elementor-element-af5fa87 elementor-widget elementor-widget-heading\" data-id=\"af5fa87\" data-element_type=\"widget\" data-e-type=\"widget\" data-widget_type=\"heading.default\">\n\t\t\t\t\t<h2 class=\"elementor-heading-title elementor-size-default\">Cont\u00e1ctenos <\/h2>\t\t\t\t<\/div>\n\t\t\t\t<div class=\"elementor-element elementor-element-71a405a elementor-widget elementor-widget-text-editor\" data-id=\"71a405a\" data-element_type=\"widget\" data-e-type=\"widget\" data-widget_type=\"text-editor.default\">\n\t\t\t\t\t\t\t\t\t<p>En <b data-path-to-node=\"5\" data-index-in-node=\"3\">Ristorante Maratea<\/b>, la mesa est\u00e1 puesta y los ingredientes frescos esperan por ti. Ya sea para una cena rom\u00e1ntica, una reuni\u00f3n familiar o un evento especial, estamos aqu\u00ed para hacer que tu visita sea inolvidable.<\/p><div><br><\/div><div>Estamos ubicados en una zona privilegiada, listos para ofrecerte lo mejor de nuestra cocina.<\/div>\t\t\t\t\t\t\t\t<\/div>\n\t\t\t\t<div class=\"elementor-element elementor-element-55d4f48 elementor-widget elementor-widget-heading\" data-id=\"55d4f48\" data-element_type=\"widget\" data-e-type=\"widget\" data-widget_type=\"heading.default\">\n\t\t\t\t\t<h2 class=\"elementor-heading-title elementor-size-default\">Tel\u00e9fono <\/h2>\t\t\t\t<\/div>\n\t\t\t\t<div class=\"elementor-element elementor-element-ba7d386 elementor-widget elementor-widget-text-editor\" data-id=\"ba7d386\" data-element_type=\"widget\" data-e-type=\"widget\" data-widget_type=\"text-editor.default\">\n\t\t\t\t\t\t\t\t\t<p>+584226028888<\/p>\t\t\t\t\t\t\t\t<\/div>\n\t\t\t\t<div class=\"elementor-element elementor-element-783a386 elementor-widget elementor-widget-heading\" data-id=\"783a386\" data-element_type=\"widget\" data-e-type=\"widget\" data-widget_type=\"heading.default\">\n\t\t\t\t\t<h2 class=\"elementor-heading-title elementor-size-default\">Correo Electr\u00f3nico <\/h2>\t\t\t\t<\/div>\n\t\t\t\t<div class=\"elementor-element elementor-element-ba9591d elementor-widget elementor-widget-text-editor\" data-id=\"ba9591d\" data-element_type=\"widget\" data-e-type=\"widget\" data-widget_type=\"text-editor.default\">\n\t\t\t\t\t\t\t\t\t<p>reservas@maratea.com<\/p>\t\t\t\t\t\t\t\t<\/div>\n\t\t\t\t<div class=\"elementor-element elementor-element-15180dd elementor-widget elementor-widget-heading\" data-id=\"15180dd\" data-element_type=\"widget\" data-e-type=\"widget\" data-widget_type=\"heading.default\">\n\t\t\t\t\t<h2 class=\"elementor-heading-title elementor-size-default\">Direcci\u00f3n <\/h2>\t\t\t\t<\/div>\n\t\t\t\t<div class=\"elementor-element elementor-element-2160a2e elementor-widget elementor-widget-text-editor\" data-id=\"2160a2e\" data-element_type=\"widget\" data-e-type=\"widget\" data-widget_type=\"text-editor.default\">\n\t\t\t\t\t\t\t\t\t<p>Las Mercedes, Av. Orinoco, Caracas 1060, Miranda Ubicado en:<br \/><strong> Centro Empresarial Roca<\/strong><br \/>Torre UNO, PB Caracas.<\/p>\t\t\t\t\t\t\t\t<\/div>\n\t\t\t\t<\/div>\n\t\t<div class=\"elementor-element elementor-element-140c350 e-con-full e-flex e-con e-child\" data-id=\"140c350\" data-element_type=\"container\" data-e-type=\"container\">\n\t\t\t\t<div class=\"elementor-element elementor-element-d6dd464 elementor-widget elementor-widget-image\" data-id=\"d6dd464\" data-element_type=\"widget\" data-e-type=\"widget\" data-settings=\"{&quot;_animation_mobile&quot;:&quot;zoomIn&quot;}\" data-widget_type=\"image.default\">\n\t\t\t\t\t\t\t\t\t\t\t\t\t\t\t<img fetchpriority=\"high\" decoding=\"async\" width=\"821\" height=\"1024\" src=\"https:\/\/ristorantemaratea.com\/inicio\/wp-content\/uploads\/2026\/03\/639718071_17854114539624986_4161121241293161251_n-821x1024.jpg\" class=\"elementor-animation-grow attachment-large size-large wp-image-1141\" alt=\"Sal\u00f3n principal de Ristorante Maratea para eventos y cenas\" srcset=\"https:\/\/ristorantemaratea.com\/inicio\/wp-content\/uploads\/2026\/03\/639718071_17854114539624986_4161121241293161251_n-821x1024.jpg 821w, https:\/\/ristorantemaratea.com\/inicio\/wp-content\/uploads\/2026\/03\/639718071_17854114539624986_4161121241293161251_n-241x300.jpg 241w, https:\/\/ristorantemaratea.com\/inicio\/wp-content\/uploads\/2026\/03\/639718071_17854114539624986_4161121241293161251_n-768x957.jpg 768w, https:\/\/ristorantemaratea.com\/inicio\/wp-content\/uploads\/2026\/03\/639718071_17854114539624986_4161121241293161251_n-1232x1536.jpg 1232w, https:\/\/ristorantemaratea.com\/inicio\/wp-content\/uploads\/2026\/03\/639718071_17854114539624986_4161121241293161251_n.jpg 1440w\" sizes=\"(max-width: 821px) 100vw, 821px\" \/>\t\t\t\t\t\t\t\t\t\t\t\t\t\t\t<\/div>\n\t\t\t\t<div class=\"elementor-element elementor-element-907aa87 elementor-widget elementor-widget-heading\" data-id=\"907aa87\" data-element_type=\"widget\" data-e-type=\"widget\" data-widget_type=\"heading.default\">\n\t\t\t\t\t<h2 class=\"elementor-heading-title elementor-size-default\">Horario<\/h2>\t\t\t\t<\/div>\n\t\t\t\t<div class=\"elementor-element elementor-element-3292adc elementor-widget elementor-widget-text-editor\" data-id=\"3292adc\" data-element_type=\"widget\" data-e-type=\"widget\" data-widget_type=\"text-editor.default\">\n\t\t\t\t\t\t\t\t\t<p>Lunes &#8211; Jueves: 12:oo m to 10 pm<br \/>Viernes: 12:00 m to 11 pm<br \/>Domingo: 12 m to 10 pm<\/p>\t\t\t\t\t\t\t\t<\/div>\n\t\t\t\t<\/div>\n\t\t\t\t<\/div>\n\t\t<div class=\"elementor-element elementor-element-e306d43 e-con-full e-flex e-con e-parent\" data-id=\"e306d43\" data-element_type=\"container\" data-e-type=\"container\">\n\t\t<div class=\"elementor-element elementor-element-96ce9ed e-con-full e-flex e-con e-child\" data-id=\"96ce9ed\" data-element_type=\"container\" data-e-type=\"container\" data-settings=\"{&quot;background_background&quot;:&quot;classic&quot;}\">\n\t\t\t\t<div class=\"elementor-element elementor-element-3c7cf36 elementor-widget elementor-widget-heading\" data-id=\"3c7cf36\" data-element_type=\"widget\" data-e-type=\"widget\" data-settings=\"{&quot;_animation_mobile&quot;:&quot;zoomIn&quot;}\" data-widget_type=\"heading.default\">\n\t\t\t\t\t<h2 class=\"elementor-heading-title elementor-size-default\">No te pierdas nuestras especialidades del d\u00eda y eventos exclusivos.<\/h2>\t\t\t\t<\/div>\n\t\t\t\t<div class=\"elementor-element elementor-element-c8974c5 elementor-absolute elementor-widget elementor-widget-image\" data-id=\"c8974c5\" data-element_type=\"widget\" data-e-type=\"widget\" data-settings=\"{&quot;_position&quot;:&quot;absolute&quot;,&quot;_animation_mobile&quot;:&quot;slideInLeft&quot;}\" data-widget_type=\"image.default\">\n\t\t\t\t\t\t\t\t\t\t\t\t\t\t\t<img decoding=\"async\" width=\"700\" height=\"901\" src=\"https:\/\/ristorantemaratea.com\/inicio\/wp-content\/uploads\/2026\/03\/contact-food.png\" class=\"attachment-large size-large wp-image-1234\" alt=\"\" srcset=\"https:\/\/ristorantemaratea.com\/inicio\/wp-content\/uploads\/2026\/03\/contact-food.png 700w, https:\/\/ristorantemaratea.com\/inicio\/wp-content\/uploads\/2026\/03\/contact-food-233x300.png 233w\" sizes=\"(max-width: 700px) 100vw, 700px\" \/>\t\t\t\t\t\t\t\t\t\t\t\t\t\t\t<\/div>\n\t\t\t\t<div class=\"elementor-element elementor-element-c9a01ae elementor-absolute elementor-widget elementor-widget-image\" data-id=\"c9a01ae\" data-element_type=\"widget\" data-e-type=\"widget\" data-settings=\"{&quot;_position&quot;:&quot;absolute&quot;}\" data-widget_type=\"image.default\">\n\t\t\t\t\t\t\t\t\t\t\t\t\t\t\t<img decoding=\"async\" width=\"521\" height=\"1024\" src=\"https:\/\/ristorantemaratea.com\/inicio\/wp-content\/uploads\/2026\/03\/dark-marble-521x1024.webp\" class=\"attachment-large size-large wp-image-1235\" alt=\"\" srcset=\"https:\/\/ristorantemaratea.com\/inicio\/wp-content\/uploads\/2026\/03\/dark-marble-521x1024.webp 521w, https:\/\/ristorantemaratea.com\/inicio\/wp-content\/uploads\/2026\/03\/dark-marble-153x300.webp 153w, https:\/\/ristorantemaratea.com\/inicio\/wp-content\/uploads\/2026\/03\/dark-marble.webp 580w\" sizes=\"(max-width: 521px) 100vw, 521px\" \/>\t\t\t\t\t\t\t\t\t\t\t\t\t\t\t<\/div>\n\t\t\t\t<\/div>\n\t\t<div class=\"elementor-element elementor-element-8c87b2b e-con-full e-flex e-con e-child\" data-id=\"8c87b2b\" data-element_type=\"container\" data-e-type=\"container\" data-settings=\"{&quot;background_background&quot;:&quot;classic&quot;}\">\n\t\t\t\t<div class=\"elementor-element elementor-element-d53def8 elementor-widget elementor-widget-shortcode\" data-id=\"d53def8\" data-element_type=\"widget\" data-e-type=\"widget\" data-widget_type=\"shortcode.default\">\n\t\t\t\t\t\t\t<div class=\"elementor-shortcode\">\n<div class=\"wpcf7 no-js\" id=\"wpcf7-f1242-o1\" lang=\"es-ES\" dir=\"ltr\" data-wpcf7-id=\"1242\">\n<div class=\"screen-reader-response\"><p role=\"status\" aria-live=\"polite\" aria-atomic=\"true\"><\/p> <ul><\/ul><\/div>\n<form action=\"\/inicio\/wp-json\/wp\/v2\/pages\/1135#wpcf7-f1242-o1\" method=\"post\" class=\"wpcf7-form init\" aria-label=\"Formulario de contacto\" novalidate=\"novalidate\" data-status=\"init\">\n<fieldset class=\"hidden-fields-container\"><input type=\"hidden\" name=\"_wpcf7\" value=\"1242\" \/><input type=\"hidden\" name=\"_wpcf7_version\" value=\"6.1.5\" \/><input type=\"hidden\" name=\"_wpcf7_locale\" value=\"es_ES\" \/><input type=\"hidden\" name=\"_wpcf7_unit_tag\" value=\"wpcf7-f1242-o1\" \/><input type=\"hidden\" name=\"_wpcf7_container_post\" value=\"0\" \/><input type=\"hidden\" name=\"_wpcf7_posted_data_hash\" value=\"\" \/>\n<\/fieldset>\n<p><script>\n\/* Aplicar Bodoni Moda a todo el formulario *\/\n.maratea-form-container {\n font-family: 'Bodoni Moda', serif !important;\n}\n\n\/* Estilo de las etiquetas (Labels) *\/\n.maratea-field label {\n font-family: 'Bodoni Moda', serif;\n font-size: 15px;\n font-weight: 500;\n letter-spacing: 0.5px;\n color: #1a1a1a;\n}\n\n\/* Bot\u00f3n de Enviar Estilo Lujo *\/\n\/* Forzar estilo en el bot\u00f3n de Contact Form 7 *\/\n.wpcf7 input[type=\"submit\"] {\n background: #0073e6;\n color: #fff;\n border: none;\n padding: 12px 30px;\n font-size: 1em;\n cursor: pointer;\n transition: background 0.2s;\n}\n\n.wpcf7 input[type=\"submit\"]:hover {\n background: #005bb5;\n}\n\/* Estilo para el spinner (el circulito de carga) para que no rompa el dise\u00f1o *\/\n.wpcf7-spinner {\n background-color: #c5a059 !important;\n margin: 0 !important;\n position: absolute;\n}\n<\/script>\n<\/p>\n<div class=\"maratea-form-container\">\n\t<div class=\"maratea-grid\">\n\t\t<div class=\"maratea-field\">\n\t\t\t<p><label> Nombre completo <\/label><br \/>\n<span class=\"wpcf7-form-control-wrap\" data-name=\"your-name\"><input size=\"40\" maxlength=\"400\" class=\"wpcf7-form-control wpcf7-text wpcf7-validates-as-required\" aria-required=\"true\" aria-invalid=\"false\" placeholder=\"Ej. Marco Rossi\" value=\"\" type=\"text\" name=\"your-name\" \/><\/span>\n\t\t\t<\/p>\n\t\t<\/div>\n\t\t<div class=\"maratea-field\">\n\t\t\t<p><label> Correo electr\u00f3nico <\/label><br \/>\n<span class=\"wpcf7-form-control-wrap\" data-name=\"your-email\"><input size=\"40\" maxlength=\"400\" class=\"wpcf7-form-control wpcf7-email wpcf7-validates-as-required wpcf7-text wpcf7-validates-as-email\" aria-required=\"true\" aria-invalid=\"false\" placeholder=\"tu@email.com\" value=\"\" type=\"email\" name=\"your-email\" \/><\/span>\n\t\t\t<\/p>\n\t\t<\/div>\n\t<\/div>\n\t<div class=\"maratea-grid\">\n\t\t<div class=\"maratea-field\">\n\t\t\t<p><label> Tel\u00e9fono <\/label><br \/>\n<span class=\"wpcf7-form-control-wrap\" data-name=\"your-phone\"><input size=\"40\" maxlength=\"400\" class=\"wpcf7-form-control wpcf7-tel wpcf7-text wpcf7-validates-as-tel\" aria-invalid=\"false\" placeholder=\"+34 000 000 000\" value=\"\" type=\"tel\" name=\"your-phone\" \/><\/span>\n\t\t\t<\/p>\n\t\t<\/div>\n\t\t<div class=\"maratea-field\">\n\t\t\t<p><label> Asunto <\/label><br \/>\n<span class=\"wpcf7-form-control-wrap\" data-name=\"your-subject\"><select class=\"wpcf7-form-control wpcf7-select wpcf7-validates-as-required\" aria-required=\"true\" aria-invalid=\"false\" name=\"your-subject\"><option value=\"Reserva de mesa\">Reserva de mesa<\/option><option value=\"Evento privado\">Evento privado<\/option><option value=\"Consulta general\">Consulta general<\/option><option value=\"Trabaja con nosotros\">Trabaja con nosotros<\/option><\/select><\/span>\n\t\t\t<\/p>\n\t\t<\/div>\n\t<\/div>\n\t<div class=\"maratea-field full-width\">\n\t\t<p><label> Tu mensaje <\/label><br \/>\n<span class=\"wpcf7-form-control-wrap\" data-name=\"your-message\"><textarea cols=\"40\" rows=\"4\" maxlength=\"2000\" class=\"wpcf7-form-control wpcf7-textarea\" aria-invalid=\"false\" placeholder=\"Cu\u00e9ntanos c\u00f3mo podemos ayudarte...\" name=\"your-message\"><\/textarea><\/span>\n\t\t<\/p>\n\t<\/div>\n\t<div class=\"maratea-submit\">\n\t\t<p><input class=\"wpcf7-form-control wpcf7-submit has-spinner envio\" type=\"submit\" value=\"ENVIAR MENSAJE\" \/>\n\t\t<\/p>\n\t<\/div>\n<\/div><div class=\"wpcf7-response-output\" aria-hidden=\"true\"><\/div>\n<\/form>\n<\/div>\n<\/div>\n\t\t\t\t\t\t<\/div>\n\t\t\t\t<\/div>\n\t\t\t\t<\/div>\n\t\t<div class=\"elementor-element elementor-element-16b5464 e-con-full e-flex e-con e-parent\" data-id=\"16b5464\" data-element_type=\"container\" data-e-type=\"container\">\n\t\t\t\t<div class=\"elementor-element elementor-element-cd8f3f2 elementor-widget elementor-widget-image\" data-id=\"cd8f3f2\" data-element_type=\"widget\" data-e-type=\"widget\" data-widget_type=\"image.default\">\n\t\t\t\t\t\t\t\t\t\t\t\t\t\t\t<img loading=\"lazy\" decoding=\"async\" width=\"1024\" height=\"11\" src=\"https:\/\/ristorantemaratea.com\/inicio\/wp-content\/uploads\/2026\/03\/border-bottom-1024x11.png\" class=\"attachment-large size-large wp-image-1255\" alt=\"\" srcset=\"https:\/\/ristorantemaratea.com\/inicio\/wp-content\/uploads\/2026\/03\/border-bottom-1024x11.png 1024w, https:\/\/ristorantemaratea.com\/inicio\/wp-content\/uploads\/2026\/03\/border-bottom-300x3.png 300w, https:\/\/ristorantemaratea.com\/inicio\/wp-content\/uploads\/2026\/03\/border-bottom-768x9.png 768w, https:\/\/ristorantemaratea.com\/inicio\/wp-content\/uploads\/2026\/03\/border-bottom-1536x17.png 1536w, https:\/\/ristorantemaratea.com\/inicio\/wp-content\/uploads\/2026\/03\/border-bottom-2048x23.png 2048w\" sizes=\"(max-width: 1024px) 100vw, 1024px\" \/>\t\t\t\t\t\t\t\t\t\t\t\t\t\t\t<\/div>\n\t\t\t\t<\/div>\n\t\t\t\t<\/div>\n\t\t","protected":false},"excerpt":{"rendered":"<p>\u00bfTienes un evento? Te ayudamos con todo lo que necesitas Cont\u00e1ctenos En Ristorante Maratea, la mesa est\u00e1 puesta y los [&hellip;]<\/p>\n","protected":false},"author":1,"featured_media":0,"parent":0,"menu_order":0,"comment_status":"closed","ping_status":"closed","template":"elementor_header_footer","meta":{"site-sidebar-layout":"no-sidebar","site-content-layout":"","ast-site-content-layout":"full-width-container","site-content-style":"default","site-sidebar-style":"default","ast-global-header-display":"","ast-banner-title-visibility":"","ast-main-header-display":"","ast-hfb-above-header-display":"","ast-hfb-below-header-display":"","ast-hfb-mobile-header-display":"","site-post-title":"","ast-breadcrumbs-content":"","ast-featured-img":"disabled","footer-sml-layout":"","ast-disable-related-posts":"","theme-transparent-header-meta":"default","adv-header-id-meta":"","stick-header-meta":"","header-above-stick-meta":"","header-main-stick-meta":"","header-below-stick-meta":"","astra-migrate-meta-layouts":"set","ast-page-background-enabled":"default","ast-page-background-meta":{"desktop":{"background-color":"var(--ast-global-color-5)","background-image":"","background-repeat":"repeat","background-position":"center center","background-size":"auto","background-attachment":"scroll","background-type":"","background-media":"","overlay-type":"","overlay-color":"","overlay-opacity":"","overlay-gradient":""},"tablet":{"background-color":"","background-image":"","background-repeat":"repeat","background-position":"center center","background-size":"auto","background-attachment":"scroll","background-type":"","background-media":"","overlay-type":"","overlay-color":"","overlay-opacity":"","overlay-gradient":""},"mobile":{"background-color":"","background-image":"","background-repeat":"repeat","background-position":"center center","background-size":"auto","background-attachment":"scroll","background-type":"","background-media":"","overlay-type":"","overlay-color":"","overlay-opacity":"","overlay-gradient":""}},"ast-content-background-meta":{"desktop":{"background-color":"var(--ast-global-color-4)","background-image":"","background-repeat":"repeat","background-position":"center center","background-size":"auto","background-attachment":"scroll","background-type":"","background-media":"","overlay-type":"","overlay-color":"","overlay-opacity":"","overlay-gradient":""},"tablet":{"background-color":"var(--ast-global-color-4)","background-image":"","background-repeat":"repeat","background-position":"center center","background-size":"auto","background-attachment":"scroll","background-type":"","background-media":"","overlay-type":"","overlay-color":"","overlay-opacity":"","overlay-gradient":""},"mobile":{"background-color":"var(--ast-global-color-4)","background-image":"","background-repeat":"repeat","background-position":"center center","background-size":"auto","background-attachment":"scroll","background-type":"","background-media":"","overlay-type":"","overlay-color":"","overlay-opacity":"","overlay-gradient":""}},"footnotes":""},"class_list":["post-1135","page","type-page","status-publish","hentry"],"_links":{"self":[{"href":"https:\/\/ristorantemaratea.com\/inicio\/wp-json\/wp\/v2\/pages\/1135","targetHints":{"allow":["GET"]}}],"collection":[{"href":"https:\/\/ristorantemaratea.com\/inicio\/wp-json\/wp\/v2\/pages"}],"about":[{"href":"https:\/\/ristorantemaratea.com\/inicio\/wp-json\/wp\/v2\/types\/page"}],"author":[{"embeddable":true,"href":"https:\/\/ristorantemaratea.com\/inicio\/wp-json\/wp\/v2\/users\/1"}],"replies":[{"embeddable":true,"href":"https:\/\/ristorantemaratea.com\/inicio\/wp-json\/wp\/v2\/comments?post=1135"}],"version-history":[{"count":124,"href":"https:\/\/ristorantemaratea.com\/inicio\/wp-json\/wp\/v2\/pages\/1135\/revisions"}],"predecessor-version":[{"id":1291,"href":"https:\/\/ristorantemaratea.com\/inicio\/wp-json\/wp\/v2\/pages\/1135\/revisions\/1291"}],"wp:attachment":[{"href":"https:\/\/ristorantemaratea.com\/inicio\/wp-json\/wp\/v2\/media?parent=1135"}],"curies":[{"name":"wp","href":"https:\/\/api.w.org\/{rel}","templated":true}]}}