{"id":1030,"date":"2026-03-16T14:07:52","date_gmt":"2026-03-16T13:07:52","guid":{"rendered":"https:\/\/ristorantemaratea.com\/inicio\/?page_id=1030"},"modified":"2026-03-16T21:15:23","modified_gmt":"2026-03-16T20:15:23","slug":"maratea","status":"publish","type":"page","link":"https:\/\/ristorantemaratea.com\/inicio\/maratea\/","title":{"rendered":"maratea"},"content":{"rendered":"\t\t<div data-elementor-type=\"wp-page\" data-elementor-id=\"1030\" class=\"elementor elementor-1030\" data-elementor-post-type=\"page\">\n\t\t\t\t<div class=\"elementor-element elementor-element-898ca92 e-con-full e-flex e-con e-parent\" data-id=\"898ca92\" data-element_type=\"container\" data-e-type=\"container\" id=\"video-bucle\" data-settings=\"{&quot;background_background&quot;:&quot;video&quot;,&quot;background_video_link&quot;:&quot;https:\\\/\\\/ristorantemaratea.com\\\/inicio\\\/wp-content\\\/uploads\\\/2026\\\/03\\\/maratea.mp4&quot;,&quot;background_video_end&quot;:0,&quot;background_play_once&quot;:&quot;yes&quot;,&quot;background_play_on_mobile&quot;:&quot;yes&quot;}\">\n\t\t<div class=\"elementor-background-video-container\">\n\t\t\t\t\t\t\t<video class=\"elementor-background-video-hosted\" role=\"presentation\" autoplay muted playsinline><\/video>\n\t\t\t\t\t<\/div>\t\t<div class=\"elementor-element elementor-element-3d16558 elementor-invisible elementor-widget elementor-widget-heading\" data-id=\"3d16558\" data-element_type=\"widget\" data-e-type=\"widget\" data-settings=\"{&quot;_animation&quot;:&quot;zoomIn&quot;}\" data-widget_type=\"heading.default\">\n\t\t\t\t\t<h2 class=\"elementor-heading-title elementor-size-default\">Sabores de Maratea para su<br> deleite\ny disfrute<\/h2>\t\t\t\t<\/div>\n\t\t\t\t<div class=\"elementor-element elementor-element-7940cca elementor-widget elementor-widget-html\" data-id=\"7940cca\" data-element_type=\"widget\" data-e-type=\"widget\" data-widget_type=\"html.default\">\n\t\t\t\t\t<script>\ndocument.addEventListener('DOMContentLoaded', function() {\n    var video = document.querySelector('#video-bucle video');\n    if (video) {\n        video.loop = true;\n        video.play();\n    }\n});\n<\/script>\t\t\t\t<\/div>\n\t\t\t\t<\/div>\n\t\t<div class=\"elementor-element elementor-element-c551a55 e-flex e-con-boxed e-con e-parent\" data-id=\"c551a55\" data-element_type=\"container\" data-e-type=\"container\" data-settings=\"{&quot;background_background&quot;:&quot;classic&quot;}\">\n\t\t\t\t\t<div class=\"e-con-inner\">\n\t\t\t\t<div class=\"elementor-element elementor-element-2b32d55 elementor-widget elementor-widget-html\" data-id=\"2b32d55\" data-element_type=\"widget\" data-e-type=\"widget\" data-widget_type=\"html.default\">\n\t\t\t\t\t<script src=\"https:\/\/cdnjs.cloudflare.com\/ajax\/libs\/gsap\/3.12.2\/gsap.min.js\"><\/script>\n<script src=\"https:\/\/cdnjs.cloudflare.com\/ajax\/libs\/gsap\/3.12.2\/ScrollTrigger.min.js\"><\/script>\n<script src=\"https:\/\/unpkg.com\/split-type\"><\/script>\t\t\t\t<\/div>\n\t\t\t\t<div class=\"elementor-element elementor-element-0463c63 elementor-widget elementor-widget-heading\" data-id=\"0463c63\" data-element_type=\"widget\" data-e-type=\"widget\" id=\"texto-animado-scroll\" data-widget_type=\"heading.default\">\n\t\t\t\t\t<h2 class=\"elementor-heading-title elementor-size-default\">En Maratea, la distancia entre el sur de Italia y el valle de Caracas se acorta en cada bocado. Nuestra cocina es un tributo a Maratea, esa joya de la Basilicata donde el mar se encuentra con la roca y la tradici\u00f3n se sirve con elegancia.<\/h2>\t\t\t\t<\/div>\n\t\t\t\t<div class=\"elementor-element elementor-element-b2d74a1 elementor-widget elementor-widget-html\" data-id=\"b2d74a1\" data-element_type=\"widget\" data-e-type=\"widget\" data-widget_type=\"html.default\">\n\t\t\t\t\t<script>\ndocument.addEventListener(\"DOMContentLoaded\", function() {\n    \/\/ 1. Dividimos el texto en letras (chars)\n    const myText = new SplitType('#texto-animado-scroll', { types: 'chars' });\n\n    \/\/ 2. Animaci\u00f3n con GSAP\n    gsap.from(myText.chars, {\n        scrollTrigger: {\n            trigger: '#texto-animado-scroll',\n            start: 'top 80%', \/\/ Empieza cuando el texto est\u00e1 al 80% de la pantalla\n            end: 'top 20%',   \/\/ Termina cuando llega al 20%\n            scrub: true,      \/\/ Esto hace que la animaci\u00f3n siga el scroll\n            markers: false    \/\/ Cambia a true para ver las gu\u00edas de ayuda\n        },\n        opacity: 0,\n        y: 20,                \/\/ Sube desde 20px abajo\n        scale: 0.7,\n        stagger: 0.1,         \/\/ Retraso entre cada letra\n        duration: 1\n    });\n});\n<\/script>\n\n<style>\n\/* Evita que el texto parpadee antes de que cargue el script *\/\n#texto-animado-scroll {\n    overflow: hidden;\n}\n.char {\n    display: inline-block;\n    will-change: transform, opacity;\n}\n<\/style>\t\t\t\t<\/div>\n\t\t\t\t\t<\/div>\n\t\t\t\t<\/div>\n\t\t<div class=\"elementor-element elementor-element-d3ffc56 e-flex e-con-boxed e-con e-parent\" data-id=\"d3ffc56\" data-element_type=\"container\" data-e-type=\"container\">\n\t\t\t\t\t<div class=\"e-con-inner\">\n\t\t<div class=\"elementor-element elementor-element-331fe23 e-con-full e-flex e-con e-child\" data-id=\"331fe23\" data-element_type=\"container\" data-e-type=\"container\">\n\t\t\t\t<div class=\"elementor-element elementor-element-f89802e elementor-widget elementor-widget-heading\" data-id=\"f89802e\" data-element_type=\"widget\" data-e-type=\"widget\" data-widget_type=\"heading.default\">\n\t\t\t\t\t<h2 class=\"elementor-heading-title elementor-size-default\">Nuestra Esencia<\/h2>\t\t\t\t<\/div>\n\t\t\t\t<div class=\"elementor-element elementor-element-e7ee6ab elementor-widget elementor-widget-text-editor\" data-id=\"e7ee6ab\" data-element_type=\"widget\" data-e-type=\"widget\" data-widget_type=\"text-editor.default\">\n\t\t\t\t\t\t\t\t\t<p>No buscamos replicar recetas; buscamos preservar una herencia. Traemos el rigor de la cocina de costa y monta\u00f1a, donde el producto fresco es el \u00fanico protagonista. Desde la pasta trabajada con la paciencia de anta\u00f1o hasta los aromas de la huerta mediterr\u00e1nea, cada plato es un viaje sensorial a los paisajes m\u00e1s exclusivos del Tirreno.<\/p>\t\t\t\t\t\t\t\t<\/div>\n\t\t\t\t<\/div>\n\t\t<div class=\"elementor-element elementor-element-13e0993 e-con-full e-flex e-con e-child\" data-id=\"13e0993\" data-element_type=\"container\" data-e-type=\"container\">\n\t\t\t\t<div class=\"elementor-element elementor-element-3942754 elementor-widget elementor-widget-video\" data-id=\"3942754\" data-element_type=\"widget\" data-e-type=\"widget\" data-settings=\"{&quot;video_type&quot;:&quot;hosted&quot;,&quot;autoplay&quot;:&quot;yes&quot;,&quot;play_on_mobile&quot;:&quot;yes&quot;,&quot;loop&quot;:&quot;yes&quot;,&quot;show_image_overlay&quot;:&quot;yes&quot;,&quot;image_overlay&quot;:{&quot;url&quot;:&quot;&quot;,&quot;id&quot;:&quot;&quot;,&quot;size&quot;:&quot;&quot;,&quot;alt&quot;:&quot;&quot;,&quot;source&quot;:&quot;library&quot;}}\" data-widget_type=\"video.default\">\n\t\t\t\t\t\t\t<div class=\"e-hosted-video elementor-wrapper elementor-open-inline\">\n\t\t\t\t\t<video class=\"elementor-video\" src=\"https:\/\/ristorantemaratea.com\/inicio\/wp-content\/uploads\/2026\/03\/Donde-el-tiempo-se-detiene\ud83d\udd70\ufe0f\u2728Aqui-bajo-la-calidez-de-nuestras-lamparas-y-rodeado-de-naturaleza.mp4\" autoplay=\"\" loop=\"\" playsinline=\"\" controlsList=\"nodownload\"><\/video>\n\t\t\t\t<\/div>\n\t\t\t\t\t\t<\/div>\n\t\t\t\t<\/div>\n\t\t\t\t\t<\/div>\n\t\t\t\t<\/div>\n\t\t<div class=\"elementor-element elementor-element-4254ef4 e-flex e-con-boxed e-con e-parent\" data-id=\"4254ef4\" data-element_type=\"container\" data-e-type=\"container\">\n\t\t\t\t\t<div class=\"e-con-inner\">\n\t\t<div class=\"elementor-element elementor-element-0c7d4f2 e-con-full e-flex e-con e-child\" data-id=\"0c7d4f2\" data-element_type=\"container\" data-e-type=\"container\">\n\t\t\t\t<div class=\"elementor-element elementor-element-4a13ee8 elementor-widget elementor-widget-video\" data-id=\"4a13ee8\" data-element_type=\"widget\" data-e-type=\"widget\" data-settings=\"{&quot;video_type&quot;:&quot;hosted&quot;,&quot;autoplay&quot;:&quot;yes&quot;,&quot;play_on_mobile&quot;:&quot;yes&quot;,&quot;loop&quot;:&quot;yes&quot;,&quot;show_image_overlay&quot;:&quot;yes&quot;,&quot;image_overlay&quot;:{&quot;url&quot;:&quot;&quot;,&quot;id&quot;:&quot;&quot;,&quot;size&quot;:&quot;&quot;,&quot;alt&quot;:&quot;&quot;,&quot;source&quot;:&quot;library&quot;}}\" data-widget_type=\"video.default\">\n\t\t\t\t\t\t\t<div class=\"e-hosted-video elementor-wrapper elementor-open-inline\">\n\t\t\t\t\t<video class=\"elementor-video\" src=\"https:\/\/ristorantemaratea.com\/inicio\/wp-content\/uploads\/2026\/03\/Sabores-que-te-dejaran-sin-habla\ud83e\udd29Signora-Maratea-una-pizza-elaborada-con-una-combinacion-que-r.mp4\" autoplay=\"\" loop=\"\" playsinline=\"\" controlsList=\"nodownload\"><\/video>\n\t\t\t\t<\/div>\n\t\t\t\t\t\t<\/div>\n\t\t\t\t<\/div>\n\t\t<div class=\"elementor-element elementor-element-3d69556 e-con-full e-flex e-con e-child\" data-id=\"3d69556\" data-element_type=\"container\" data-e-type=\"container\">\n\t\t\t\t<div class=\"elementor-element elementor-element-076c69d elementor-widget elementor-widget-heading\" data-id=\"076c69d\" data-element_type=\"widget\" data-e-type=\"widget\" data-widget_type=\"heading.default\">\n\t\t\t\t\t<h2 class=\"elementor-heading-title elementor-size-default\">Nuestra Filosof\u00eda<\/h2>\t\t\t\t<\/div>\n\t\t\t\t<div class=\"elementor-element elementor-element-56676d3 elementor-widget elementor-widget-text-editor\" data-id=\"56676d3\" data-element_type=\"widget\" data-e-type=\"widget\" data-widget_type=\"text-editor.default\">\n\t\t\t\t\t\t\t\t\t<p data-path-to-node=\"11\">La verdadera elegancia reside en la simplicidad bien ejecutada. Nuestro ambiente ha sido dise\u00f1ado para ser el escenario de sus mejores recuerdos, combinando una cava de vinos de autor con un servicio que anticipa cada uno de sus deseos.<\/p><p data-path-to-node=\"11\">Nuestra propuesta se aleja del espect\u00e1culo para centrarse en la precisi\u00f3n: la temperatura exacta de una emulsi\u00f3n, la trazabilidad de una cepa olvidada y la armon\u00eda de un servicio que sabe estar presente sin interrumpir. Nuestra cocina rinde homenaje a las ra\u00edces regionales de Italia, con t\u00e9cnicas modernas para sorprender al paladar m\u00e1s exigente.<\/p>\t\t\t\t\t\t\t\t<\/div>\n\t\t\t\t<\/div>\n\t\t\t\t\t<\/div>\n\t\t\t\t<\/div>\n\t\t<div class=\"elementor-element elementor-element-caf8964 e-flex e-con-boxed e-con e-parent\" data-id=\"caf8964\" data-element_type=\"container\" data-e-type=\"container\" data-settings=\"{&quot;background_background&quot;:&quot;classic&quot;}\">\n\t\t\t\t\t<div class=\"e-con-inner\">\n\t\t\t\t<div class=\"elementor-element elementor-element-c0c8954 elementor-absolute elementor-widget elementor-widget-image\" data-id=\"c0c8954\" data-element_type=\"widget\" data-e-type=\"widget\" data-settings=\"{&quot;_position&quot;:&quot;absolute&quot;,&quot;motion_fx_motion_fx_mouse&quot;:&quot;yes&quot;,&quot;motion_fx_mouseTrack_effect&quot;:&quot;yes&quot;,&quot;motion_fx_mouseTrack_speed&quot;:{&quot;unit&quot;:&quot;px&quot;,&quot;size&quot;:1,&quot;sizes&quot;:[]}}\" data-widget_type=\"image.default\">\n\t\t\t\t\t\t\t\t\t\t\t\t\t\t\t<img fetchpriority=\"high\" decoding=\"async\" width=\"429\" height=\"582\" src=\"https:\/\/ristorantemaratea.com\/inicio\/wp-content\/uploads\/2026\/03\/especias.png\" class=\"attachment-large size-large wp-image-1079\" alt=\"\" srcset=\"https:\/\/ristorantemaratea.com\/inicio\/wp-content\/uploads\/2026\/03\/especias.png 429w, https:\/\/ristorantemaratea.com\/inicio\/wp-content\/uploads\/2026\/03\/especias-221x300.png 221w\" sizes=\"(max-width: 429px) 100vw, 429px\" \/>\t\t\t\t\t\t\t\t\t\t\t\t\t\t\t<\/div>\n\t\t\t\t<div class=\"elementor-element elementor-element-c45f4e4 elementor-absolute elementor-widget elementor-widget-image\" data-id=\"c45f4e4\" data-element_type=\"widget\" data-e-type=\"widget\" data-settings=\"{&quot;_position&quot;:&quot;absolute&quot;,&quot;motion_fx_motion_fx_mouse&quot;:&quot;yes&quot;,&quot;motion_fx_mouseTrack_effect&quot;:&quot;yes&quot;,&quot;motion_fx_mouseTrack_speed&quot;:{&quot;unit&quot;:&quot;px&quot;,&quot;size&quot;:1,&quot;sizes&quot;:[]}}\" data-widget_type=\"image.default\">\n\t\t\t\t\t\t\t\t\t\t\t\t\t\t\t<img decoding=\"async\" width=\"282\" height=\"206\" src=\"https:\/\/ristorantemaratea.com\/inicio\/wp-content\/uploads\/2026\/03\/stone2.webp\" class=\"attachment-large size-large wp-image-682\" alt=\"\" \/>\t\t\t\t\t\t\t\t\t\t\t\t\t\t\t<\/div>\n\t\t\t\t<div class=\"elementor-element elementor-element-757d5cc elementor-absolute elementor-widget elementor-widget-image\" data-id=\"757d5cc\" data-element_type=\"widget\" data-e-type=\"widget\" data-settings=\"{&quot;_position&quot;:&quot;absolute&quot;,&quot;motion_fx_motion_fx_mouse&quot;:&quot;yes&quot;,&quot;motion_fx_mouseTrack_effect&quot;:&quot;yes&quot;,&quot;motion_fx_mouseTrack_speed&quot;:{&quot;unit&quot;:&quot;px&quot;,&quot;size&quot;:1,&quot;sizes&quot;:[]}}\" data-widget_type=\"image.default\">\n\t\t\t\t\t\t\t\t\t\t\t\t\t\t\t<img decoding=\"async\" width=\"439\" height=\"569\" src=\"https:\/\/ristorantemaratea.com\/inicio\/wp-content\/uploads\/2026\/03\/hoja1.png\" class=\"attachment-large size-large wp-image-1078\" alt=\"\" srcset=\"https:\/\/ristorantemaratea.com\/inicio\/wp-content\/uploads\/2026\/03\/hoja1.png 439w, https:\/\/ristorantemaratea.com\/inicio\/wp-content\/uploads\/2026\/03\/hoja1-231x300.png 231w\" sizes=\"(max-width: 439px) 100vw, 439px\" \/>\t\t\t\t\t\t\t\t\t\t\t\t\t\t\t<\/div>\n\t\t\t\t<div class=\"elementor-element elementor-element-5e4e750 elementor-absolute elementor-widget elementor-widget-image\" data-id=\"5e4e750\" data-element_type=\"widget\" data-e-type=\"widget\" data-settings=\"{&quot;_position&quot;:&quot;absolute&quot;,&quot;motion_fx_motion_fx_mouse&quot;:&quot;yes&quot;,&quot;motion_fx_mouseTrack_effect&quot;:&quot;yes&quot;,&quot;motion_fx_mouseTrack_speed&quot;:{&quot;unit&quot;:&quot;px&quot;,&quot;size&quot;:1,&quot;sizes&quot;:[]}}\" data-widget_type=\"image.default\">\n\t\t\t\t\t\t\t\t\t\t\t\t\t\t\t<img loading=\"lazy\" decoding=\"async\" width=\"156\" height=\"178\" src=\"https:\/\/ristorantemaratea.com\/inicio\/wp-content\/uploads\/2026\/03\/small-food1.webp\" class=\"attachment-large size-large wp-image-1075\" alt=\"\" \/>\t\t\t\t\t\t\t\t\t\t\t\t\t\t\t<\/div>\n\t\t\t\t<div class=\"elementor-element elementor-element-d9bbd70 elementor-absolute elementor-widget elementor-widget-image\" data-id=\"d9bbd70\" data-element_type=\"widget\" data-e-type=\"widget\" data-settings=\"{&quot;_position&quot;:&quot;absolute&quot;,&quot;motion_fx_motion_fx_mouse&quot;:&quot;yes&quot;,&quot;motion_fx_mouseTrack_effect&quot;:&quot;yes&quot;,&quot;motion_fx_mouseTrack_speed&quot;:{&quot;unit&quot;:&quot;px&quot;,&quot;size&quot;:1,&quot;sizes&quot;:[]}}\" data-widget_type=\"image.default\">\n\t\t\t\t\t\t\t\t\t\t\t\t\t\t\t<img loading=\"lazy\" decoding=\"async\" width=\"418\" height=\"315\" src=\"https:\/\/ristorantemaratea.com\/inicio\/wp-content\/uploads\/2026\/03\/small-food2.webp\" class=\"attachment-large size-large wp-image-1076\" alt=\"\" srcset=\"https:\/\/ristorantemaratea.com\/inicio\/wp-content\/uploads\/2026\/03\/small-food2.webp 418w, https:\/\/ristorantemaratea.com\/inicio\/wp-content\/uploads\/2026\/03\/small-food2-300x226.webp 300w\" sizes=\"(max-width: 418px) 100vw, 418px\" \/>\t\t\t\t\t\t\t\t\t\t\t\t\t\t\t<\/div>\n\t\t<div class=\"elementor-element elementor-element-d0c9cfa e-con-full e-flex e-con e-child\" data-id=\"d0c9cfa\" data-element_type=\"container\" data-e-type=\"container\" data-settings=\"{&quot;motion_fx_motion_fx_scrolling&quot;:&quot;yes&quot;,&quot;motion_fx_translateY_effect&quot;:&quot;yes&quot;,&quot;motion_fx_translateY_speed&quot;:{&quot;unit&quot;:&quot;px&quot;,&quot;size&quot;:4,&quot;sizes&quot;:[]},&quot;motion_fx_translateY_affectedRange&quot;:{&quot;unit&quot;:&quot;%&quot;,&quot;size&quot;:&quot;&quot;,&quot;sizes&quot;:{&quot;start&quot;:0,&quot;end&quot;:100}},&quot;motion_fx_devices&quot;:[&quot;desktop&quot;,&quot;tablet&quot;,&quot;mobile&quot;]}\">\n\t\t\t\t<div class=\"elementor-element elementor-element-b0dd839 elementor-widget elementor-widget-heading\" data-id=\"b0dd839\" data-element_type=\"widget\" data-e-type=\"widget\" data-widget_type=\"heading.default\">\n\t\t\t\t\t<h2 class=\"elementor-heading-title elementor-size-default\">El Confort de lo Exclusivo<\/h2>\t\t\t\t<\/div>\n\t\t\t\t<div class=\"elementor-element elementor-element-27cdf64 elementor-widget elementor-widget-text-editor\" data-id=\"27cdf64\" data-element_type=\"widget\" data-e-type=\"widget\" data-widget_type=\"text-editor.default\">\n\t\t\t\t\t\t\t\t\t<p>Entendemos que el lujo no es solo lo que se sirve, sino c\u00f3mo se vive. Hemos dise\u00f1ado un espacio donde la calidez de la hospitalidad italiana se fusiona con la sofisticaci\u00f3n contempor\u00e1nea. Un refugio de confort en Caracas pensado para quienes saben que la verdadera elegancia reside en la autenticidad y el detalle.<\/p>\t\t\t\t\t\t\t\t<\/div>\n\t\t\t\t<\/div>\n\t\t\t\t\t<\/div>\n\t\t\t\t<\/div>\n\t\t<div class=\"elementor-element elementor-element-14be3b9 e-flex e-con-boxed e-con e-parent\" data-id=\"14be3b9\" data-element_type=\"container\" data-e-type=\"container\">\n\t\t\t\t\t<div class=\"e-con-inner\">\n\t\t\t\t<div class=\"elementor-element elementor-element-83625eb elementor-widget elementor-widget-heading\" data-id=\"83625eb\" data-element_type=\"widget\" data-e-type=\"widget\" data-widget_type=\"heading.default\">\n\t\t\t\t\t<h2 class=\"elementor-heading-title elementor-size-default\">Bienvenidos a la mesa de Maratea. Bienvenidos a casa.<\/h2>\t\t\t\t<\/div>\n\t\t\t\t\t<\/div>\n\t\t\t\t<\/div>\n\t\t<div class=\"elementor-element elementor-element-ad03c34 e-con-full e-flex e-con e-parent\" data-id=\"ad03c34\" data-element_type=\"container\" data-e-type=\"container\">\n\t\t<div class=\"elementor-element elementor-element-b0ec080 e-con-full e-flex e-con e-child\" data-id=\"b0ec080\" data-element_type=\"container\" data-e-type=\"container\">\n\t\t\t\t<div class=\"elementor-element elementor-element-26798fb elementor-widget elementor-widget-image\" data-id=\"26798fb\" data-element_type=\"widget\" data-e-type=\"widget\" data-widget_type=\"image.default\">\n\t\t\t\t\t\t\t\t\t\t\t\t\t\t\t<img loading=\"lazy\" decoding=\"async\" width=\"821\" height=\"1024\" src=\"https:\/\/ristorantemaratea.com\/inicio\/wp-content\/uploads\/2026\/03\/642870641_17855819238624986_5769314813211730101_n-821x1024.jpg\" class=\"attachment-large size-large wp-image-1110\" alt=\"\" srcset=\"https:\/\/ristorantemaratea.com\/inicio\/wp-content\/uploads\/2026\/03\/642870641_17855819238624986_5769314813211730101_n-821x1024.jpg 821w, https:\/\/ristorantemaratea.com\/inicio\/wp-content\/uploads\/2026\/03\/642870641_17855819238624986_5769314813211730101_n-241x300.jpg 241w, https:\/\/ristorantemaratea.com\/inicio\/wp-content\/uploads\/2026\/03\/642870641_17855819238624986_5769314813211730101_n-768x957.jpg 768w, https:\/\/ristorantemaratea.com\/inicio\/wp-content\/uploads\/2026\/03\/642870641_17855819238624986_5769314813211730101_n-1232x1536.jpg 1232w, https:\/\/ristorantemaratea.com\/inicio\/wp-content\/uploads\/2026\/03\/642870641_17855819238624986_5769314813211730101_n.jpg 1440w\" sizes=\"(max-width: 821px) 100vw, 821px\" \/>\t\t\t\t\t\t\t\t\t\t\t\t\t\t\t<\/div>\n\t\t\t\t<\/div>\n\t\t<div class=\"elementor-element elementor-element-94979c3 e-con-full e-flex e-con e-child\" data-id=\"94979c3\" data-element_type=\"container\" data-e-type=\"container\">\n\t\t\t\t<div class=\"elementor-element elementor-element-7bf536e elementor-widget elementor-widget-image\" data-id=\"7bf536e\" data-element_type=\"widget\" data-e-type=\"widget\" data-widget_type=\"image.default\">\n\t\t\t\t\t\t\t\t\t\t\t\t\t\t\t<img loading=\"lazy\" decoding=\"async\" width=\"821\" height=\"1024\" src=\"https:\/\/ristorantemaratea.com\/inicio\/wp-content\/uploads\/2026\/03\/641750077_17855819247624986_5077157331501388406_n-821x1024.jpg\" class=\"attachment-large size-large wp-image-1111\" alt=\"\" srcset=\"https:\/\/ristorantemaratea.com\/inicio\/wp-content\/uploads\/2026\/03\/641750077_17855819247624986_5077157331501388406_n-821x1024.jpg 821w, https:\/\/ristorantemaratea.com\/inicio\/wp-content\/uploads\/2026\/03\/641750077_17855819247624986_5077157331501388406_n-241x300.jpg 241w, https:\/\/ristorantemaratea.com\/inicio\/wp-content\/uploads\/2026\/03\/641750077_17855819247624986_5077157331501388406_n-768x957.jpg 768w, https:\/\/ristorantemaratea.com\/inicio\/wp-content\/uploads\/2026\/03\/641750077_17855819247624986_5077157331501388406_n-1232x1536.jpg 1232w, https:\/\/ristorantemaratea.com\/inicio\/wp-content\/uploads\/2026\/03\/641750077_17855819247624986_5077157331501388406_n.jpg 1440w\" sizes=\"(max-width: 821px) 100vw, 821px\" \/>\t\t\t\t\t\t\t\t\t\t\t\t\t\t\t<\/div>\n\t\t\t\t<\/div>\n\t\t<div class=\"elementor-element elementor-element-e31a3de e-con-full e-flex e-con e-child\" data-id=\"e31a3de\" data-element_type=\"container\" data-e-type=\"container\">\n\t\t\t\t<div class=\"elementor-element elementor-element-2d4abb7 elementor-widget elementor-widget-image\" data-id=\"2d4abb7\" data-element_type=\"widget\" data-e-type=\"widget\" data-widget_type=\"image.default\">\n\t\t\t\t\t\t\t\t\t\t\t\t\t\t\t<img loading=\"lazy\" decoding=\"async\" width=\"821\" height=\"1024\" src=\"https:\/\/ristorantemaratea.com\/inicio\/wp-content\/uploads\/2026\/03\/642810760_17855819256624986_8354232927801016430_n-821x1024.jpg\" class=\"attachment-large size-large wp-image-1112\" alt=\"\" srcset=\"https:\/\/ristorantemaratea.com\/inicio\/wp-content\/uploads\/2026\/03\/642810760_17855819256624986_8354232927801016430_n-821x1024.jpg 821w, https:\/\/ristorantemaratea.com\/inicio\/wp-content\/uploads\/2026\/03\/642810760_17855819256624986_8354232927801016430_n-241x300.jpg 241w, https:\/\/ristorantemaratea.com\/inicio\/wp-content\/uploads\/2026\/03\/642810760_17855819256624986_8354232927801016430_n-768x957.jpg 768w, https:\/\/ristorantemaratea.com\/inicio\/wp-content\/uploads\/2026\/03\/642810760_17855819256624986_8354232927801016430_n-1232x1536.jpg 1232w, https:\/\/ristorantemaratea.com\/inicio\/wp-content\/uploads\/2026\/03\/642810760_17855819256624986_8354232927801016430_n.jpg 1440w\" sizes=\"(max-width: 821px) 100vw, 821px\" \/>\t\t\t\t\t\t\t\t\t\t\t\t\t\t\t<\/div>\n\t\t\t\t<\/div>\n\t\t\t\t<\/div>\n\t\t\t\t<\/div>\n\t\t","protected":false},"excerpt":{"rendered":"<p>Sabores de Maratea para su deleite y disfrute En Maratea, la distancia entre el sur de Italia y el valle [&hellip;]<\/p>\n","protected":false},"author":1,"featured_media":0,"parent":0,"menu_order":0,"comment_status":"closed","ping_status":"closed","template":"","meta":{"site-sidebar-layout":"no-sidebar","site-content-layout":"","ast-site-content-layout":"full-width-container","site-content-style":"default","site-sidebar-style":"default","ast-global-header-display":"","ast-banner-title-visibility":"","ast-main-header-display":"","ast-hfb-above-header-display":"","ast-hfb-below-header-display":"","ast-hfb-mobile-header-display":"","site-post-title":"disabled","ast-breadcrumbs-content":"","ast-featured-img":"disabled","footer-sml-layout":"","ast-disable-related-posts":"","theme-transparent-header-meta":"","adv-header-id-meta":"","stick-header-meta":"","header-above-stick-meta":"","header-main-stick-meta":"","header-below-stick-meta":"","astra-migrate-meta-layouts":"default","ast-page-background-enabled":"default","ast-page-background-meta":{"desktop":{"background-color":"var(--ast-global-color-5)","background-image":"","background-repeat":"repeat","background-position":"center center","background-size":"auto","background-attachment":"scroll","background-type":"","background-media":"","overlay-type":"","overlay-color":"","overlay-opacity":"","overlay-gradient":""},"tablet":{"background-color":"","background-image":"","background-repeat":"repeat","background-position":"center center","background-size":"auto","background-attachment":"scroll","background-type":"","background-media":"","overlay-type":"","overlay-color":"","overlay-opacity":"","overlay-gradient":""},"mobile":{"background-color":"","background-image":"","background-repeat":"repeat","background-position":"center center","background-size":"auto","background-attachment":"scroll","background-type":"","background-media":"","overlay-type":"","overlay-color":"","overlay-opacity":"","overlay-gradient":""}},"ast-content-background-meta":{"desktop":{"background-color":"var(--ast-global-color-4)","background-image":"","background-repeat":"repeat","background-position":"center center","background-size":"auto","background-attachment":"scroll","background-type":"","background-media":"","overlay-type":"","overlay-color":"","overlay-opacity":"","overlay-gradient":""},"tablet":{"background-color":"var(--ast-global-color-4)","background-image":"","background-repeat":"repeat","background-position":"center center","background-size":"auto","background-attachment":"scroll","background-type":"","background-media":"","overlay-type":"","overlay-color":"","overlay-opacity":"","overlay-gradient":""},"mobile":{"background-color":"var(--ast-global-color-4)","background-image":"","background-repeat":"repeat","background-position":"center center","background-size":"auto","background-attachment":"scroll","background-type":"","background-media":"","overlay-type":"","overlay-color":"","overlay-opacity":"","overlay-gradient":""}},"footnotes":""},"class_list":["post-1030","page","type-page","status-publish","hentry"],"_links":{"self":[{"href":"https:\/\/ristorantemaratea.com\/inicio\/wp-json\/wp\/v2\/pages\/1030","targetHints":{"allow":["GET"]}}],"collection":[{"href":"https:\/\/ristorantemaratea.com\/inicio\/wp-json\/wp\/v2\/pages"}],"about":[{"href":"https:\/\/ristorantemaratea.com\/inicio\/wp-json\/wp\/v2\/types\/page"}],"author":[{"embeddable":true,"href":"https:\/\/ristorantemaratea.com\/inicio\/wp-json\/wp\/v2\/users\/1"}],"replies":[{"embeddable":true,"href":"https:\/\/ristorantemaratea.com\/inicio\/wp-json\/wp\/v2\/comments?post=1030"}],"version-history":[{"count":70,"href":"https:\/\/ristorantemaratea.com\/inicio\/wp-json\/wp\/v2\/pages\/1030\/revisions"}],"predecessor-version":[{"id":1134,"href":"https:\/\/ristorantemaratea.com\/inicio\/wp-json\/wp\/v2\/pages\/1030\/revisions\/1134"}],"wp:attachment":[{"href":"https:\/\/ristorantemaratea.com\/inicio\/wp-json\/wp\/v2\/media?parent=1030"}],"curies":[{"name":"wp","href":"https:\/\/api.w.org\/{rel}","templated":true}]}}